{"id":15,"date":"2026-01-12T10:23:20","date_gmt":"2026-01-12T10:23:20","guid":{"rendered":"https:\/\/my-kerida.com\/?page_id=15"},"modified":"2026-01-16T09:52:13","modified_gmt":"2026-01-16T09:52:13","slug":"accueil","status":"publish","type":"page","link":"https:\/\/my-kerida.com\/en\/","title":{"rendered":"Home"},"content":{"rendered":"","protected":false},"excerpt":{"rendered":"","protected":false},"author":2,"featured_media":965,"parent":0,"menu_order":0,"comment_status":"closed","ping_status":"closed","template":"","meta":{"footnotes":""},"class_list":["post-15","page","type-page","status-publish","has-post-thumbnail","czr-hentry"],"yoast_head":"<!-- This site is optimized with the Yoast SEO plugin v27.4 - https:\/\/yoast.com\/product\/yoast-seo-wordpress\/ -->\n<title>MY KERIDA - Des lieux pens\u00e9s pour votre bien \u00eatre<\/title>\n<meta name=\"description\" content=\"MY KERIDA - Locations saisonni\u00e8res \u00e0 Avignon, Mazan et au bout du monde \u00e0 Ushuaia - De v\u00e9ritables lieux de vie\" \/>\n<meta name=\"robots\" content=\"index, follow, max-snippet:-1, max-image-preview:large, max-video-preview:-1\" \/>\n<link rel=\"canonical\" href=\"https:\/\/my-kerida.com\/en\/\" \/>\n<meta property=\"og:locale\" content=\"en_GB\" \/>\n<meta property=\"og:type\" content=\"article\" \/>\n<meta property=\"og:title\" content=\"MY KERIDA - Des lieux pens\u00e9s pour votre bien \u00eatre\" \/>\n<meta property=\"og:description\" content=\"MY KERIDA - Locations saisonni\u00e8res \u00e0 Avignon, Mazan et au bout du monde \u00e0 Ushuaia - De v\u00e9ritables lieux de vie\" \/>\n<meta property=\"og:url\" content=\"https:\/\/my-kerida.com\/en\/\" \/>\n<meta property=\"og:site_name\" content=\"MY KERIDA\" \/>\n<meta property=\"article:modified_time\" content=\"2026-01-16T09:52:13+00:00\" \/>\n<meta property=\"og:image\" content=\"https:\/\/my-kerida.com\/wp-content\/uploads\/2026\/01\/Mazan-domaine-du-piol-DSC02966.jpg\" \/>\n\t<meta property=\"og:image:width\" content=\"1920\" \/>\n\t<meta property=\"og:image:height\" content=\"1079\" \/>\n\t<meta property=\"og:image:type\" content=\"image\/jpeg\" \/>\n<meta name=\"twitter:card\" content=\"summary_large_image\" \/>\n<meta name=\"twitter:label1\" content=\"Estimated reading time\" \/>\n\t<meta name=\"twitter:data1\" content=\"5 minutes\" \/>\n<script type=\"application\/ld+json\" class=\"yoast-schema-graph\">{\"@context\":\"https:\\\/\\\/schema.org\",\"@graph\":[{\"@type\":\"WebPage\",\"@id\":\"https:\\\/\\\/my-kerida.com\\\/\",\"url\":\"https:\\\/\\\/my-kerida.com\\\/\",\"name\":\"MY KERIDA - Des lieux pens\u00e9s pour votre bien \u00eatre\",\"isPartOf\":{\"@id\":\"https:\\\/\\\/my-kerida.com\\\/#website\"},\"primaryImageOfPage\":{\"@id\":\"https:\\\/\\\/my-kerida.com\\\/#primaryimage\"},\"image\":{\"@id\":\"https:\\\/\\\/my-kerida.com\\\/#primaryimage\"},\"thumbnailUrl\":\"https:\\\/\\\/my-kerida.com\\\/wp-content\\\/uploads\\\/2026\\\/01\\\/Mazan-domaine-du-piol-DSC02966.jpg\",\"datePublished\":\"2026-01-12T10:23:20+00:00\",\"dateModified\":\"2026-01-16T09:52:13+00:00\",\"description\":\"MY KERIDA - Locations saisonni\u00e8res \u00e0 Avignon, Mazan et au bout du monde \u00e0 Ushuaia - De v\u00e9ritables lieux de vie\",\"breadcrumb\":{\"@id\":\"https:\\\/\\\/my-kerida.com\\\/#breadcrumb\"},\"inLanguage\":\"en-GB\",\"potentialAction\":[{\"@type\":\"ReadAction\",\"target\":[\"https:\\\/\\\/my-kerida.com\\\/\"]}]},{\"@type\":\"ImageObject\",\"inLanguage\":\"en-GB\",\"@id\":\"https:\\\/\\\/my-kerida.com\\\/#primaryimage\",\"url\":\"https:\\\/\\\/my-kerida.com\\\/wp-content\\\/uploads\\\/2026\\\/01\\\/Mazan-domaine-du-piol-DSC02966.jpg\",\"contentUrl\":\"https:\\\/\\\/my-kerida.com\\\/wp-content\\\/uploads\\\/2026\\\/01\\\/Mazan-domaine-du-piol-DSC02966.jpg\",\"width\":1920,\"height\":1079},{\"@type\":\"BreadcrumbList\",\"@id\":\"https:\\\/\\\/my-kerida.com\\\/#breadcrumb\",\"itemListElement\":[{\"@type\":\"ListItem\",\"position\":1,\"name\":\"Accueil\",\"item\":\"https:\\\/\\\/my-kerida.com\\\/\"},{\"@type\":\"ListItem\",\"position\":2,\"name\":\"Accueil\"}]},{\"@type\":\"WebSite\",\"@id\":\"https:\\\/\\\/my-kerida.com\\\/#website\",\"url\":\"https:\\\/\\\/my-kerida.com\\\/\",\"name\":\"MY KERIDA\",\"description\":\"Home rentals\",\"publisher\":{\"@id\":\"https:\\\/\\\/my-kerida.com\\\/#organization\"},\"potentialAction\":[{\"@type\":\"SearchAction\",\"target\":{\"@type\":\"EntryPoint\",\"urlTemplate\":\"https:\\\/\\\/my-kerida.com\\\/?s={search_term_string}\"},\"query-input\":{\"@type\":\"PropertyValueSpecification\",\"valueRequired\":true,\"valueName\":\"search_term_string\"}}],\"inLanguage\":\"en-GB\"},{\"@type\":\"Organization\",\"@id\":\"https:\\\/\\\/my-kerida.com\\\/#organization\",\"name\":\"MY KERIDA\",\"url\":\"https:\\\/\\\/my-kerida.com\\\/\",\"logo\":{\"@type\":\"ImageObject\",\"inLanguage\":\"en-GB\",\"@id\":\"https:\\\/\\\/my-kerida.com\\\/#\\\/schema\\\/logo\\\/image\\\/\",\"url\":\"https:\\\/\\\/my-kerida.com\\\/wp-content\\\/uploads\\\/2026\\\/01\\\/logo-vert-fonce.png\",\"contentUrl\":\"https:\\\/\\\/my-kerida.com\\\/wp-content\\\/uploads\\\/2026\\\/01\\\/logo-vert-fonce.png\",\"width\":1295,\"height\":630,\"caption\":\"MY KERIDA\"},\"image\":{\"@id\":\"https:\\\/\\\/my-kerida.com\\\/#\\\/schema\\\/logo\\\/image\\\/\"}}]}<\/script>\n<!-- \/ Yoast SEO plugin. -->","yoast_head_json":{"title":"MY KERIDA - Places designed for your well-being","description":"MY KERIDA - Holiday rentals in Avignon, Mazan and at the end of the world in Ushuaia - Real places to live","robots":{"index":"index","follow":"follow","max-snippet":"max-snippet:-1","max-image-preview":"max-image-preview:large","max-video-preview":"max-video-preview:-1"},"canonical":"https:\/\/my-kerida.com\/en\/","og_locale":"en_GB","og_type":"article","og_title":"MY KERIDA - Des lieux pens\u00e9s pour votre bien \u00eatre","og_description":"MY KERIDA - Locations saisonni\u00e8res \u00e0 Avignon, Mazan et au bout du monde \u00e0 Ushuaia - De v\u00e9ritables lieux de vie","og_url":"https:\/\/my-kerida.com\/en\/","og_site_name":"MY KERIDA","article_modified_time":"2026-01-16T09:52:13+00:00","og_image":[{"width":1920,"height":1079,"url":"https:\/\/my-kerida.com\/wp-content\/uploads\/2026\/01\/Mazan-domaine-du-piol-DSC02966.jpg","type":"image\/jpeg"}],"twitter_card":"summary_large_image","twitter_misc":{"Estimated reading time":"5 minutes"},"schema":{"@context":"https:\/\/schema.org","@graph":[{"@type":"WebPage","@id":"https:\/\/my-kerida.com\/","url":"https:\/\/my-kerida.com\/","name":"MY KERIDA - Places designed for your well-being","isPartOf":{"@id":"https:\/\/my-kerida.com\/#website"},"primaryImageOfPage":{"@id":"https:\/\/my-kerida.com\/#primaryimage"},"image":{"@id":"https:\/\/my-kerida.com\/#primaryimage"},"thumbnailUrl":"https:\/\/my-kerida.com\/wp-content\/uploads\/2026\/01\/Mazan-domaine-du-piol-DSC02966.jpg","datePublished":"2026-01-12T10:23:20+00:00","dateModified":"2026-01-16T09:52:13+00:00","description":"MY KERIDA - Holiday rentals in Avignon, Mazan and at the end of the world in Ushuaia - Real places to live","breadcrumb":{"@id":"https:\/\/my-kerida.com\/#breadcrumb"},"inLanguage":"en-GB","potentialAction":[{"@type":"ReadAction","target":["https:\/\/my-kerida.com\/"]}]},{"@type":"ImageObject","inLanguage":"en-GB","@id":"https:\/\/my-kerida.com\/#primaryimage","url":"https:\/\/my-kerida.com\/wp-content\/uploads\/2026\/01\/Mazan-domaine-du-piol-DSC02966.jpg","contentUrl":"https:\/\/my-kerida.com\/wp-content\/uploads\/2026\/01\/Mazan-domaine-du-piol-DSC02966.jpg","width":1920,"height":1079},{"@type":"BreadcrumbList","@id":"https:\/\/my-kerida.com\/#breadcrumb","itemListElement":[{"@type":"ListItem","position":1,"name":"Accueil","item":"https:\/\/my-kerida.com\/"},{"@type":"ListItem","position":2,"name":"Accueil"}]},{"@type":"WebSite","@id":"https:\/\/my-kerida.com\/#website","url":"https:\/\/my-kerida.com\/","name":"MY KERIDA","description":"Home rentals","publisher":{"@id":"https:\/\/my-kerida.com\/#organization"},"potentialAction":[{"@type":"SearchAction","target":{"@type":"EntryPoint","urlTemplate":"https:\/\/my-kerida.com\/?s={search_term_string}"},"query-input":{"@type":"PropertyValueSpecification","valueRequired":true,"valueName":"search_term_string"}}],"inLanguage":"en-GB"},{"@type":"Organization","@id":"https:\/\/my-kerida.com\/#organization","name":"MY KERIDA","url":"https:\/\/my-kerida.com\/","logo":{"@type":"ImageObject","inLanguage":"en-GB","@id":"https:\/\/my-kerida.com\/#\/schema\/logo\/image\/","url":"https:\/\/my-kerida.com\/wp-content\/uploads\/2026\/01\/logo-vert-fonce.png","contentUrl":"https:\/\/my-kerida.com\/wp-content\/uploads\/2026\/01\/logo-vert-fonce.png","width":1295,"height":630,"caption":"MY KERIDA"},"image":{"@id":"https:\/\/my-kerida.com\/#\/schema\/logo\/image\/"}}]}},"_links":{"self":[{"href":"https:\/\/my-kerida.com\/en\/wp-json\/wp\/v2\/pages\/15","targetHints":{"allow":["GET"]}}],"collection":[{"href":"https:\/\/my-kerida.com\/en\/wp-json\/wp\/v2\/pages"}],"about":[{"href":"https:\/\/my-kerida.com\/en\/wp-json\/wp\/v2\/types\/page"}],"author":[{"embeddable":true,"href":"https:\/\/my-kerida.com\/en\/wp-json\/wp\/v2\/users\/2"}],"replies":[{"embeddable":true,"href":"https:\/\/my-kerida.com\/en\/wp-json\/wp\/v2\/comments?post=15"}],"version-history":[{"count":1,"href":"https:\/\/my-kerida.com\/en\/wp-json\/wp\/v2\/pages\/15\/revisions"}],"predecessor-version":[{"id":16,"href":"https:\/\/my-kerida.com\/en\/wp-json\/wp\/v2\/pages\/15\/revisions\/16"}],"wp:featuredmedia":[{"embeddable":true,"href":"https:\/\/my-kerida.com\/en\/wp-json\/wp\/v2\/media\/965"}],"wp:attachment":[{"href":"https:\/\/my-kerida.com\/en\/wp-json\/wp\/v2\/media?parent=15"}],"curies":[{"name":"wp","href":"https:\/\/api.w.org\/{rel}","templated":true}]}}