{"id":21,"date":"2026-01-12T10:23:51","date_gmt":"2026-01-12T10:23:51","guid":{"rendered":"https:\/\/my-kerida.com\/?page_id=21"},"modified":"2026-01-16T10:02:21","modified_gmt":"2026-01-16T10:02:21","slug":"la-casa-blanca-en-ushuaia","status":"publish","type":"page","link":"https:\/\/my-kerida.com\/es\/la-casa-blanca-en-ushuaia\/","title":{"rendered":"La casa blanca en Ushuaia"},"content":{"rendered":"","protected":false},"excerpt":{"rendered":"","protected":false},"author":2,"featured_media":916,"parent":0,"menu_order":0,"comment_status":"closed","ping_status":"closed","template":"","meta":{"footnotes":""},"class_list":["post-21","page","type-page","status-publish","has-post-thumbnail","czr-hentry"],"yoast_head":"<!-- This site is optimized with the Yoast SEO plugin v27.4 - https:\/\/yoast.com\/product\/yoast-seo-wordpress\/ -->\n<title>MY KERIDA - La casa blanca \u00e0 Ushuaia<\/title>\n<meta name=\"description\" content=\"MY KERIDA - La Casa Blanca - Location saisonni\u00e8re Ushuaia - La Casa Blanca est une invitation \u00e0 la d\u00e9tente et au partage\" \/>\n<meta name=\"robots\" content=\"index, follow, max-snippet:-1, max-image-preview:large, max-video-preview:-1\" \/>\n<link rel=\"canonical\" href=\"https:\/\/my-kerida.com\/es\/la-casa-blanca-en-ushuaia\/\" \/>\n<meta property=\"og:locale\" content=\"es_ES\" \/>\n<meta property=\"og:type\" content=\"article\" \/>\n<meta property=\"og:title\" content=\"MY KERIDA - La casa blanca \u00e0 Ushuaia\" \/>\n<meta property=\"og:description\" content=\"MY KERIDA - La Casa Blanca - Location saisonni\u00e8re Ushuaia - La Casa Blanca est une invitation \u00e0 la d\u00e9tente et au partage\" \/>\n<meta property=\"og:url\" content=\"https:\/\/my-kerida.com\/es\/la-casa-blanca-en-ushuaia\/\" \/>\n<meta property=\"og:site_name\" content=\"MY KERIDA\" \/>\n<meta property=\"article:modified_time\" content=\"2026-01-16T10:02:21+00:00\" \/>\n<meta property=\"og:image\" content=\"https:\/\/my-kerida.com\/wp-content\/uploads\/2026\/01\/Ushuaia-la-casa-blanca-IMG_666.jpg\" \/>\n\t<meta property=\"og:image:width\" content=\"1440\" \/>\n\t<meta property=\"og:image:height\" content=\"1920\" \/>\n\t<meta property=\"og:image:type\" content=\"image\/jpeg\" \/>\n<meta name=\"twitter:card\" content=\"summary_large_image\" \/>\n<meta name=\"twitter:label1\" content=\"Tiempo de lectura\" \/>\n\t<meta name=\"twitter:data1\" content=\"17 minutos\" \/>\n<script type=\"application\/ld+json\" class=\"yoast-schema-graph\">{\"@context\":\"https:\\\/\\\/schema.org\",\"@graph\":[{\"@type\":[\"WebPage\",\"SearchResultsPage\"],\"@id\":\"https:\\\/\\\/my-kerida.com\\\/la-casa-blanca-a-ushuaia\\\/\",\"url\":\"https:\\\/\\\/my-kerida.com\\\/la-casa-blanca-a-ushuaia\\\/\",\"name\":\"MY KERIDA - La casa blanca \u00e0 Ushuaia\",\"isPartOf\":{\"@id\":\"https:\\\/\\\/my-kerida.com\\\/#website\"},\"primaryImageOfPage\":{\"@id\":\"https:\\\/\\\/my-kerida.com\\\/la-casa-blanca-a-ushuaia\\\/#primaryimage\"},\"image\":{\"@id\":\"https:\\\/\\\/my-kerida.com\\\/la-casa-blanca-a-ushuaia\\\/#primaryimage\"},\"thumbnailUrl\":\"https:\\\/\\\/my-kerida.com\\\/wp-content\\\/uploads\\\/2026\\\/01\\\/Ushuaia-la-casa-blanca-IMG_666.jpg\",\"datePublished\":\"2026-01-12T10:23:51+00:00\",\"dateModified\":\"2026-01-16T10:02:21+00:00\",\"description\":\"MY KERIDA - La Casa Blanca - Location saisonni\u00e8re Ushuaia - La Casa Blanca est une invitation \u00e0 la d\u00e9tente et au partage\",\"breadcrumb\":{\"@id\":\"https:\\\/\\\/my-kerida.com\\\/la-casa-blanca-a-ushuaia\\\/#breadcrumb\"},\"inLanguage\":\"es\",\"potentialAction\":[{\"@type\":\"ReadAction\",\"target\":[\"https:\\\/\\\/my-kerida.com\\\/la-casa-blanca-a-ushuaia\\\/\"]}]},{\"@type\":\"ImageObject\",\"inLanguage\":\"es\",\"@id\":\"https:\\\/\\\/my-kerida.com\\\/la-casa-blanca-a-ushuaia\\\/#primaryimage\",\"url\":\"https:\\\/\\\/my-kerida.com\\\/wp-content\\\/uploads\\\/2026\\\/01\\\/Ushuaia-la-casa-blanca-IMG_666.jpg\",\"contentUrl\":\"https:\\\/\\\/my-kerida.com\\\/wp-content\\\/uploads\\\/2026\\\/01\\\/Ushuaia-la-casa-blanca-IMG_666.jpg\",\"width\":1440,\"height\":1920},{\"@type\":\"BreadcrumbList\",\"@id\":\"https:\\\/\\\/my-kerida.com\\\/la-casa-blanca-a-ushuaia\\\/#breadcrumb\",\"itemListElement\":[{\"@type\":\"ListItem\",\"position\":1,\"name\":\"Accueil\",\"item\":\"https:\\\/\\\/my-kerida.com\\\/\"},{\"@type\":\"ListItem\",\"position\":2,\"name\":\"La casa blanca \u00e0 Ushuaia\"}]},{\"@type\":\"WebSite\",\"@id\":\"https:\\\/\\\/my-kerida.com\\\/#website\",\"url\":\"https:\\\/\\\/my-kerida.com\\\/\",\"name\":\"MY KERIDA\",\"description\":\"Home rentals\",\"publisher\":{\"@id\":\"https:\\\/\\\/my-kerida.com\\\/#organization\"},\"potentialAction\":[{\"@type\":\"SearchAction\",\"target\":{\"@type\":\"EntryPoint\",\"urlTemplate\":\"https:\\\/\\\/my-kerida.com\\\/?s={search_term_string}\"},\"query-input\":{\"@type\":\"PropertyValueSpecification\",\"valueRequired\":true,\"valueName\":\"search_term_string\"}}],\"inLanguage\":\"es\"},{\"@type\":\"Organization\",\"@id\":\"https:\\\/\\\/my-kerida.com\\\/#organization\",\"name\":\"MY KERIDA\",\"url\":\"https:\\\/\\\/my-kerida.com\\\/\",\"logo\":{\"@type\":\"ImageObject\",\"inLanguage\":\"es\",\"@id\":\"https:\\\/\\\/my-kerida.com\\\/#\\\/schema\\\/logo\\\/image\\\/\",\"url\":\"https:\\\/\\\/my-kerida.com\\\/wp-content\\\/uploads\\\/2026\\\/01\\\/logo-vert-fonce.png\",\"contentUrl\":\"https:\\\/\\\/my-kerida.com\\\/wp-content\\\/uploads\\\/2026\\\/01\\\/logo-vert-fonce.png\",\"width\":1295,\"height\":630,\"caption\":\"MY KERIDA\"},\"image\":{\"@id\":\"https:\\\/\\\/my-kerida.com\\\/#\\\/schema\\\/logo\\\/image\\\/\"}}]}<\/script>\n<!-- \/ Yoast SEO plugin. -->","yoast_head_json":{"title":"MY KERIDA - La casa blanca en Ushuaia","description":"MY KERIDA - La Casa Blanca - Alquiler por temporada Ushuaia - La Casa Blanca es una invitaci\u00f3n a relajarse y compartir.","robots":{"index":"index","follow":"follow","max-snippet":"max-snippet:-1","max-image-preview":"max-image-preview:large","max-video-preview":"max-video-preview:-1"},"canonical":"https:\/\/my-kerida.com\/es\/la-casa-blanca-en-ushuaia\/","og_locale":"es_ES","og_type":"article","og_title":"MY KERIDA - La casa blanca \u00e0 Ushuaia","og_description":"MY KERIDA - La Casa Blanca - Location saisonni\u00e8re Ushuaia - La Casa Blanca est une invitation \u00e0 la d\u00e9tente et au partage","og_url":"https:\/\/my-kerida.com\/es\/la-casa-blanca-en-ushuaia\/","og_site_name":"MY KERIDA","article_modified_time":"2026-01-16T10:02:21+00:00","og_image":[{"width":1440,"height":1920,"url":"https:\/\/my-kerida.com\/wp-content\/uploads\/2026\/01\/Ushuaia-la-casa-blanca-IMG_666.jpg","type":"image\/jpeg"}],"twitter_card":"summary_large_image","twitter_misc":{"Tiempo de lectura":"17 minutos"},"schema":{"@context":"https:\/\/schema.org","@graph":[{"@type":["WebPage","SearchResultsPage"],"@id":"https:\/\/my-kerida.com\/la-casa-blanca-a-ushuaia\/","url":"https:\/\/my-kerida.com\/la-casa-blanca-a-ushuaia\/","name":"MY KERIDA - La casa blanca en Ushuaia","isPartOf":{"@id":"https:\/\/my-kerida.com\/#website"},"primaryImageOfPage":{"@id":"https:\/\/my-kerida.com\/la-casa-blanca-a-ushuaia\/#primaryimage"},"image":{"@id":"https:\/\/my-kerida.com\/la-casa-blanca-a-ushuaia\/#primaryimage"},"thumbnailUrl":"https:\/\/my-kerida.com\/wp-content\/uploads\/2026\/01\/Ushuaia-la-casa-blanca-IMG_666.jpg","datePublished":"2026-01-12T10:23:51+00:00","dateModified":"2026-01-16T10:02:21+00:00","description":"MY KERIDA - La Casa Blanca - Alquiler por temporada Ushuaia - La Casa Blanca es una invitaci\u00f3n a relajarse y compartir.","breadcrumb":{"@id":"https:\/\/my-kerida.com\/la-casa-blanca-a-ushuaia\/#breadcrumb"},"inLanguage":"es","potentialAction":[{"@type":"ReadAction","target":["https:\/\/my-kerida.com\/la-casa-blanca-a-ushuaia\/"]}]},{"@type":"ImageObject","inLanguage":"es","@id":"https:\/\/my-kerida.com\/la-casa-blanca-a-ushuaia\/#primaryimage","url":"https:\/\/my-kerida.com\/wp-content\/uploads\/2026\/01\/Ushuaia-la-casa-blanca-IMG_666.jpg","contentUrl":"https:\/\/my-kerida.com\/wp-content\/uploads\/2026\/01\/Ushuaia-la-casa-blanca-IMG_666.jpg","width":1440,"height":1920},{"@type":"BreadcrumbList","@id":"https:\/\/my-kerida.com\/la-casa-blanca-a-ushuaia\/#breadcrumb","itemListElement":[{"@type":"ListItem","position":1,"name":"Accueil","item":"https:\/\/my-kerida.com\/"},{"@type":"ListItem","position":2,"name":"La casa blanca \u00e0 Ushuaia"}]},{"@type":"WebSite","@id":"https:\/\/my-kerida.com\/#website","url":"https:\/\/my-kerida.com\/","name":"MI KERIDA","description":"Alquiler de viviendas","publisher":{"@id":"https:\/\/my-kerida.com\/#organization"},"potentialAction":[{"@type":"SearchAction","target":{"@type":"EntryPoint","urlTemplate":"https:\/\/my-kerida.com\/?s={search_term_string}"},"query-input":{"@type":"PropertyValueSpecification","valueRequired":true,"valueName":"search_term_string"}}],"inLanguage":"es"},{"@type":"Organization","@id":"https:\/\/my-kerida.com\/#organization","name":"MI KERIDA","url":"https:\/\/my-kerida.com\/","logo":{"@type":"ImageObject","inLanguage":"es","@id":"https:\/\/my-kerida.com\/#\/schema\/logo\/image\/","url":"https:\/\/my-kerida.com\/wp-content\/uploads\/2026\/01\/logo-vert-fonce.png","contentUrl":"https:\/\/my-kerida.com\/wp-content\/uploads\/2026\/01\/logo-vert-fonce.png","width":1295,"height":630,"caption":"MY KERIDA"},"image":{"@id":"https:\/\/my-kerida.com\/#\/schema\/logo\/image\/"}}]}},"_links":{"self":[{"href":"https:\/\/my-kerida.com\/es\/wp-json\/wp\/v2\/pages\/21","targetHints":{"allow":["GET"]}}],"collection":[{"href":"https:\/\/my-kerida.com\/es\/wp-json\/wp\/v2\/pages"}],"about":[{"href":"https:\/\/my-kerida.com\/es\/wp-json\/wp\/v2\/types\/page"}],"author":[{"embeddable":true,"href":"https:\/\/my-kerida.com\/es\/wp-json\/wp\/v2\/users\/2"}],"replies":[{"embeddable":true,"href":"https:\/\/my-kerida.com\/es\/wp-json\/wp\/v2\/comments?post=21"}],"version-history":[{"count":2,"href":"https:\/\/my-kerida.com\/es\/wp-json\/wp\/v2\/pages\/21\/revisions"}],"predecessor-version":[{"id":797,"href":"https:\/\/my-kerida.com\/es\/wp-json\/wp\/v2\/pages\/21\/revisions\/797"}],"wp:featuredmedia":[{"embeddable":true,"href":"https:\/\/my-kerida.com\/es\/wp-json\/wp\/v2\/media\/916"}],"wp:attachment":[{"href":"https:\/\/my-kerida.com\/es\/wp-json\/wp\/v2\/media?parent=21"}],"curies":[{"name":"wp","href":"https:\/\/api.w.org\/{rel}","templated":true}]}}